{"id":202,"date":"2021-03-21T18:45:17","date_gmt":"2021-03-21T17:45:17","guid":{"rendered":"http:\/\/s522521465.online.de\/?page_id=202"},"modified":"2021-03-21T18:55:47","modified_gmt":"2021-03-21T17:55:47","slug":"vereinsgeschichte","status":"publish","type":"page","link":"https:\/\/svmenzingen.de\/?page_id=202","title":{"rendered":"Vereinsgeschichte"},"content":{"rendered":"\n<p>Am 31. M\u00e4rz 1946 wurde im Gasthaus \u201eZum goldenen Lamm\u201c der Fu\u00dfballverein F.V. Menzingen mit den Vereinsfarben Blau-Wei\u00df gegr\u00fcndet. Als \u2013 Sportplatz &#8211;&nbsp; stand damals das Gel\u00e4nde auf dem heute die Verwaltung und Fertigungshallen der Fa. ARGO-HYTOS GmbH stehen, zur Verf\u00fcgung. Als Vereinslokal diente das Gasthaus zum goldenen Lamm.<\/p>\n\n\n\n<p><strong>1946<\/strong>&nbsp;konnte leider noch nicht am offiziellen Spielbetrieb teilgenommen werden, da bei Gr\u00fcndung des Vereins die Punkte-Runde bereits im Gange war. Das 1. Verbandsspiel fand daher am 9. Februar 1947 gegen Ober\u00f6wisheim statt. 1954 entschloss sich die Vereinsf\u00fchrung unter Vorsitz von Walter Vetter zum Bau eines neuen Spielfeldes. Der urspr\u00fcngliche Sportplatz glich eher einer \u201eWiese\u201c und in den Wintermonaten einer \u201eSumpflandschaft\u201c. Der Sportplatzbau gestaltete sich zu jener Zeit \u00e4u\u00dferst schwierig. Nur mit Hilfe der Amerikaner, die \u00fcber entsprechende Maschinen und Ger\u00e4tschaften verf\u00fcgten, konnte das Vorhaben durchgezogen werden. Als \u201eDrainage\u201c wurden mangels \u201eMasse\u201c Ziegelbrocken verwendet, die mit G\u00fcterwagen der Nebenbahn von der Firma Bott in Gochsheim angeliefert und auf extra verlegten Gleisen mit Rollwagen in die per Spaten ausgegrabenen \u201eDrainage-Schlitze\u201c gef\u00fcllt wurden.<\/p>\n\n\n\n<p><strong>1956<\/strong>&nbsp;wurde mit dem Bau des Clubhauses mit Umkleider\u00e4umen und Duschanlagen begonnen. 1957 wurde der Sportplatz fertig gestellt und eingeweiht, 1958 konnte auch das Clubhaus seiner Bestimmung \u00fcbergeben werden. 1960 wurde auf vielseitigen Wunsch w\u00e4hrend der Jahresversammlung beschlossen eine Turn- und Leichtathletikabteilung zu gr\u00fcnden. Das machte erforderlich, dass der Fu\u00dfballverein \u201eBlau-Wei\u00df\u201c Menzingen umgetauft werden musste in den Sportverein \u201eBlau-Wei\u00df\u201c Menzingen. Auf dieser Jahresversammlung wurde auch schon \u00fcber den Bau einer Turnhalle diskutiert. Unter anderem wurde in diesem Jahr auch die 1. Flutlichtanlage installiert. 1967 wurde unter der Regie von Vorstand Richard Burkhardt, der keine Risiken scheute, mit dem Bau der vereinseigenen Sporthalle begonnen. Dies war damals eine sehr gro\u00dfe Herausforderung. Mit diesem Bau wurde auch die Erweiterung des Clubhauses durchgezogen. Hierbei hat sich auch Albert Schmidt (sp\u00e4ter Menzolit) und dessen Sohn Dieter Schmidt, der von 1970 bis 1972 und 1982 \u2013 1984 als 1. Vorsitzender t\u00e4tig war, um den Verein verdient gemacht. 1971 also nach 4 Jahren Bauzeit war die Sporthalle fertig gestellt und wurde im Rahmen des 25-j\u00e4hrigen Vereinsjubil\u00e4ums ihrer Bestimmung \u00fcbergeben.<\/p>\n\n\n\n<p><strong>1975<\/strong>\u00a0wurde mit dem Bau eines zweiten Spielfeldes begonnen. \u00a0Vorstand Kurt Becker nahm das Projekt mit Hochdruck in Angriff. Verbunden mit viel Eigenleistung konnte der neue Platz dann 1979 eingeweiht werden. Damit waren gleichzeitig die Voraussetzungen geschaffen das bisherige alte Spielfeld zu sanieren. 1986 wurde der neue Platz mit einer modernen Flutlichtanlage ausgestattet. Gleichzeitig begann die Sanierung bzw. der Neubau des Hauptspielfeldes. Auch dieses Vorhaben konnte unter Vorstand Heinz F\u00f6rg nur mit viel Eigeninitiative durchgef\u00fchrt werden.\u00a0 Bereits Ende der 80er Jahre reiften Pl\u00e4ne f\u00fcr einen Clubhausneubau und man wollte die vereinseigene Halle aufgrund der gestiegenen Unterhaltskosten verkaufen. Das Projekt scheiterte, da sich die Stadt Kraichtal und der Verein nicht einigen konnten. <\/p>\n\n\n\n<p><strong>2000<\/strong> war die Rede davon, dass sich die Firma ARGO-HYTOS GmbH erweitern will, was sich dann aber zerschlagen hat. Unmittelbar danach plante der Verein ein neues zeitgem\u00e4\u00dfes zweist\u00f6ckiges Clubhaus mit neuen Umkleidekabinen und Sanit\u00e4ranlagen anstelle des bereits vorhandenen in die Jahre gekommenen Clubhauses an der Nordseite der Sporthalle. Die bereits fertigen Pl\u00e4ne verschwinden wieder in der Schublade, nachdem die Firma ARGO-HYTOS GmbH nun doch ernsthaft Erweiterungsm\u00f6glichkeiten sucht.<br>F\u00fcr den Verein ergab sich nun eine v\u00f6llig neue Situation, da beide Sportpl\u00e4tze nunmehr genau um eine Spielh\u00e4lfte in s\u00fcdlicher Richtung verlegt werden mussten.\u00a0<\/p>\n\n\n\n<p><strong>2004<\/strong> wurden die Pl\u00e4ne f\u00fcr ein neues Clubhaus mit Gemeinschaftseinrichtungen entworfen und abgesegnet. Im Juni 2005 erfolgte der erste Spatenstich. Im November 2005 erfolgte die \u00dcbergabe des neuen Rasenspielfeldes (Trainingsplatz) und bereits im M\u00e4rz 2007 wurde die neue Sportgastst\u00e4tte \u201eBlau-Wei\u00df\u201c mit Gemeinschaftseinrichtungen in Betrieb genommen. 2008 wurde die neue Sporthalle in Betrieb genommen. Diese ist allerdings nicht mehr im Besitz der Vereins, sondern der Stadt Kraichtal. <\/p>\n\n\n\n<p><strong>2009<\/strong> konnte der das neu gebaute Hauptspielfeld, welches entlang der Sporthalle verl\u00e4uft eingeweiht werden.<\/p>\n\n\n\n<p>Nach derzeitigem Stand wurden \u00fcber 20.000 Stunden Eigenleistungen erbracht und ein Investitionsvolumen von \u00fcber einer halben Million Euro seitens des Vereins gestemmt.<\/p>\n","protected":false},"excerpt":{"rendered":"<p>Am 31. M\u00e4rz 1946 wurde im Gasthaus \u201eZum goldenen Lamm\u201c der Fu\u00dfballverein F.V. Menzingen mit den Vereinsfarben Blau-Wei\u00df gegr\u00fcndet. Als \u2013 Sportplatz &#8211;&nbsp; stand damals das Gel\u00e4nde auf dem heute die Verwaltung und Fertigungshallen der Fa. ARGO-HYTOS GmbH stehen, zur Verf\u00fcgung. Als Vereinslokal diente das Gasthaus zum goldenen Lamm. 1946&nbsp;konnte leider noch nicht am offiziellen [&hellip;]<\/p>\n","protected":false},"author":1,"featured_media":0,"parent":0,"menu_order":0,"comment_status":"closed","ping_status":"closed","template":"","meta":{"footnotes":""},"class_list":["post-202","page","type-page","status-publish","hentry"],"_links":{"self":[{"href":"https:\/\/svmenzingen.de\/index.php?rest_route=\/wp\/v2\/pages\/202","targetHints":{"allow":["GET"]}}],"collection":[{"href":"https:\/\/svmenzingen.de\/index.php?rest_route=\/wp\/v2\/pages"}],"about":[{"href":"https:\/\/svmenzingen.de\/index.php?rest_route=\/wp\/v2\/types\/page"}],"author":[{"embeddable":true,"href":"https:\/\/svmenzingen.de\/index.php?rest_route=\/wp\/v2\/users\/1"}],"replies":[{"embeddable":true,"href":"https:\/\/svmenzingen.de\/index.php?rest_route=%2Fwp%2Fv2%2Fcomments&post=202"}],"version-history":[{"count":3,"href":"https:\/\/svmenzingen.de\/index.php?rest_route=\/wp\/v2\/pages\/202\/revisions"}],"predecessor-version":[{"id":207,"href":"https:\/\/svmenzingen.de\/index.php?rest_route=\/wp\/v2\/pages\/202\/revisions\/207"}],"wp:attachment":[{"href":"https:\/\/svmenzingen.de\/index.php?rest_route=%2Fwp%2Fv2%2Fmedia&parent=202"}],"curies":[{"name":"wp","href":"https:\/\/api.w.org\/{rel}","templated":true}]}}