{"id":85,"date":"2021-03-06T08:18:44","date_gmt":"2021-03-06T07:18:44","guid":{"rendered":"http:\/\/s522521465.online.de\/?page_id=85"},"modified":"2024-04-07T18:32:16","modified_gmt":"2024-04-07T17:32:16","slug":"impressum-datenschutz","status":"publish","type":"page","link":"http:\/\/svmenzingen.de\/?page_id=85","title":{"rendered":"Impressum"},"content":{"rendered":"\n<h2 class=\"wp-block-heading\" id=\"m46\">Diensteanbieter<\/h2>\n\n\n\n<p>SV Blau-Weiss Menzingen e.V.<\/p>\n\n\n\n<p>Industriestr. 14.<\/p>\n\n\n\n<p>76703 Kraichtal.<\/p>\n\n\n\n<h2 class=\"wp-block-heading\" id=\"m56\">Kontaktm\u00f6glichkeiten<\/h2>\n\n\n\n<p>E-Mail-Adresse: <a href=\"mailto:info@svmenzingen.de\">info@svmenzingen.de<\/a>.<\/p>\n\n\n\n<p>Telefon: 07250 8777.<\/p>\n\n\n\n<p>2. Vorstand: Robert Ettner &#8211; robertettner@web.de<\/p>\n\n\n\n<p>3. Vorstand: Annerose Bahm &#8211; a.bahm@web.de<\/p>\n\n\n\n<h2 class=\"wp-block-heading\" id=\"m153\">Vertretungsberechtigte<\/h2>\n\n\n\n<p>Vertretungsberechtigt: Annerose Bahm 3. Vorstand &#8211; a.bahm@web.de<\/p>\n\n\n\n<h2 class=\"wp-block-heading\" id=\"m151\">Register und Registernummer<\/h2>\n\n\n\n<p>Vereinsregister<\/p>\n\n\n\n<p>Gef\u00fchrt bei: Amtsgericht Mannheim &#8211; Registergericht<\/p>\n\n\n\n<p>Nummer: VR 230070<\/p>\n\n\n\n<h2 class=\"wp-block-heading\" id=\"m65\">Haftungs- und Schutzrechtshinweise<\/h2>\n\n\n\n<p><strong>Haftungsausschluss<\/strong>: Die Inhalte dieses Onlineangebotes wurden sorgf\u00e4ltig und nach unserem aktuellen Kenntnisstand erstellt, dienen jedoch nur der Information und entfalten keine rechtlich bindende Wirkung, sofern es sich nicht um gesetzlich verpflichtende Informationen (z.B. das Impressum, die Datenschutzerkl\u00e4rung, AGB oder verpflichtende Belehrungen von Verbrauchern) handelt. Wir behalten uns vor, die Inhalte vollst\u00e4ndig oder teilweise zu \u00e4ndern oder zu l\u00f6schen, soweit vertragliche Verpflichtungen unber\u00fchrt bleiben. Alle Angebote sind freibleibend und unverbindlich.<\/p>\n\n\n\n<p><strong>Links auf fremde Webseiten<\/strong>: Inhalte fremder Webseiten, auf die wir direkt oder indirekt verweisen, liegen au\u00dferhalb unseres Verantwortungsbereiches und machen wir uns nicht zu Eigen. F\u00fcr alle Inhalte und insbesondere f\u00fcr Sch\u00e4den, die aus der Nutzung der in den verlinkten Webseiten aufrufbaren Informationen entstehen, haftet allein der Anbieter der verlinkten Webseiten.<\/p>\n\n\n\n<p><strong>Urheberrechte und Markenrechte<\/strong>: Alle auf dieser Website dargestellten Inhalte, wie Texte, Fotografien, Grafiken, Marken und Warenzeichen sind durch die jeweiligen Schutzrechte (Urheberrechte, Markenrechte) gesch\u00fctzt. Die Verwendung, Vervielf\u00e4ltigung usw. unterliegen unseren Rechten oder den Rechten der jeweiligen Urheber bzw. Rechteverwalter.<\/p>\n\n\n\n<p><a href=\"https:\/\/datenschutz-generator.de\/?l=de\" target=\"_blank\" rel=\"noreferrer noopener\">Erstellt mit kostenlosem Datenschutz-Generator.de von Dr. Thomas Schwenke<\/a><\/p>\n","protected":false},"excerpt":{"rendered":"<p>Diensteanbieter SV Blau-Weiss Menzingen e.V. Industriestr. 14. 76703 Kraichtal. Kontaktm\u00f6glichkeiten E-Mail-Adresse: info@svmenzingen.de. Telefon: 07250 8777. 2. Vorstand: Robert Ettner &#8211; robertettner@web.de 3. Vorstand: Annerose Bahm &#8211; a.bahm@web.de Vertretungsberechtigte Vertretungsberechtigt: Annerose Bahm 3. Vorstand &#8211; a.bahm@web.de Register und Registernummer Vereinsregister Gef\u00fchrt bei: Amtsgericht Mannheim &#8211; Registergericht Nummer: VR 230070 Haftungs- und Schutzrechtshinweise Haftungsausschluss: Die Inhalte dieses [&hellip;]<\/p>\n","protected":false},"author":1,"featured_media":0,"parent":0,"menu_order":0,"comment_status":"closed","ping_status":"closed","template":"","meta":{"footnotes":""},"class_list":["post-85","page","type-page","status-publish","hentry"],"_links":{"self":[{"href":"http:\/\/svmenzingen.de\/index.php?rest_route=\/wp\/v2\/pages\/85","targetHints":{"allow":["GET"]}}],"collection":[{"href":"http:\/\/svmenzingen.de\/index.php?rest_route=\/wp\/v2\/pages"}],"about":[{"href":"http:\/\/svmenzingen.de\/index.php?rest_route=\/wp\/v2\/types\/page"}],"author":[{"embeddable":true,"href":"http:\/\/svmenzingen.de\/index.php?rest_route=\/wp\/v2\/users\/1"}],"replies":[{"embeddable":true,"href":"http:\/\/svmenzingen.de\/index.php?rest_route=%2Fwp%2Fv2%2Fcomments&post=85"}],"version-history":[{"count":7,"href":"http:\/\/svmenzingen.de\/index.php?rest_route=\/wp\/v2\/pages\/85\/revisions"}],"predecessor-version":[{"id":686,"href":"http:\/\/svmenzingen.de\/index.php?rest_route=\/wp\/v2\/pages\/85\/revisions\/686"}],"wp:attachment":[{"href":"http:\/\/svmenzingen.de\/index.php?rest_route=%2Fwp%2Fv2%2Fmedia&parent=85"}],"curies":[{"name":"wp","href":"https:\/\/api.w.org\/{rel}","templated":true}]}}